{"id":28,"date":"2024-01-15T18:11:27","date_gmt":"2024-01-15T18:11:27","guid":{"rendered":"https:\/\/www.skiriege-oltingen.ch\/?page_id=28"},"modified":"2024-02-02T14:11:20","modified_gmt":"2024-02-02T14:11:20","slug":"huettenvermietung","status":"publish","type":"page","link":"https:\/\/www.skiriege-oltingen.ch\/index.php\/huettenvermietung\/","title":{"rendered":"H\u00fcttenvermietung"},"content":{"rendered":"\n<figure class=\"wp-block-image aligncenter size-full is-style-rounded is-style-rounded--1\"><img loading=\"lazy\" decoding=\"async\" width=\"461\" height=\"256\" src=\"https:\/\/www.skiriege-oltingen.ch\/wp-content\/uploads\/2024\/01\/htte.jpg\" alt=\"\" class=\"wp-image-53\" srcset=\"https:\/\/www.skiriege-oltingen.ch\/wp-content\/uploads\/2024\/01\/htte.jpg 461w, https:\/\/www.skiriege-oltingen.ch\/wp-content\/uploads\/2024\/01\/htte-300x167.jpg 300w\" sizes=\"auto, (max-width: 461px) 100vw, 461px\" \/><\/figure>\n\n\n\n<p><\/p>\n\n\n\n<p class=\"has-text-align-center\">Die Skih\u00fctte wird f\u00fcr Ihre Anl\u00e4sse gerne vermietet. Melden Sie sich per Mail oder Telefon bei folgender Adresse:<\/p>\n\n\n\n<p><\/p>\n\n\n\n<p class=\"has-text-align-center\">Christoph Gysin<\/p>\n\n\n\n<p class=\"has-text-align-center\">H\u00fcttenwart und Kassier<\/p>\n\n\n\n<p class=\"has-text-align-center\">Bauerngasse 60b<\/p>\n\n\n\n<p class=\"has-text-align-center\">4494 Oltingen<\/p>\n\n\n\n<p class=\"has-text-align-center\">061 991 08 43<\/p>\n\n\n\n<p class=\"has-text-align-center\">christi.gysin@gmail.com<\/p>\n","protected":false},"excerpt":{"rendered":"<p>Die Skih\u00fctte wird f\u00fcr Ihre Anl\u00e4sse gerne vermietet. Melden Sie sich per Mail oder Telefon bei folgender Adresse: Christoph Gysin H\u00fcttenwart und Kassier Bauerngasse 60b 4494 Oltingen 061 991 08 43 christi.gysin@gmail.com<\/p>\n","protected":false},"author":1,"featured_media":0,"parent":0,"menu_order":0,"comment_status":"closed","ping_status":"closed","template":"","meta":{"footnotes":""},"class_list":["post-28","page","type-page","status-publish","hentry"],"_links":{"self":[{"href":"https:\/\/www.skiriege-oltingen.ch\/index.php\/wp-json\/wp\/v2\/pages\/28","targetHints":{"allow":["GET"]}}],"collection":[{"href":"https:\/\/www.skiriege-oltingen.ch\/index.php\/wp-json\/wp\/v2\/pages"}],"about":[{"href":"https:\/\/www.skiriege-oltingen.ch\/index.php\/wp-json\/wp\/v2\/types\/page"}],"author":[{"embeddable":true,"href":"https:\/\/www.skiriege-oltingen.ch\/index.php\/wp-json\/wp\/v2\/users\/1"}],"replies":[{"embeddable":true,"href":"https:\/\/www.skiriege-oltingen.ch\/index.php\/wp-json\/wp\/v2\/comments?post=28"}],"version-history":[{"count":6,"href":"https:\/\/www.skiriege-oltingen.ch\/index.php\/wp-json\/wp\/v2\/pages\/28\/revisions"}],"predecessor-version":[{"id":125,"href":"https:\/\/www.skiriege-oltingen.ch\/index.php\/wp-json\/wp\/v2\/pages\/28\/revisions\/125"}],"wp:attachment":[{"href":"https:\/\/www.skiriege-oltingen.ch\/index.php\/wp-json\/wp\/v2\/media?parent=28"}],"curies":[{"name":"wp","href":"https:\/\/api.w.org\/{rel}","templated":true}]}}